{"id":5188,"date":"2025-03-03T09:24:10","date_gmt":"2025-03-03T06:24:10","guid":{"rendered":"https:\/\/naturalife.rtthemes.com\/demo\/?page_id=5188"},"modified":"2025-03-03T22:43:22","modified_gmt":"2025-03-03T19:43:22","slug":"blog-fitoterapotik","status":"publish","type":"page","link":"https:\/\/veterineresor.com\/?page_id=5188","title":{"rendered":"Fitorepotik Sayfa"},"content":{"rendered":"\t\t<div data-elementor-type=\"wp-post\" data-elementor-id=\"5188\" class=\"elementor elementor-5188\" data-elementor-post-type=\"page\">\n\t\t\t\t\t\t<section class=\"elementor-section elementor-top-section elementor-element elementor-element-9a8fdb4 elementor-section-boxed elementor-section-height-default elementor-section-height-default default-style\" data-id=\"9a8fdb4\" data-element_type=\"section\" data-settings=\"{&quot;background_background&quot;:&quot;classic&quot;,&quot;rt_color_sets&quot;:&quot;default-style&quot;}\">\n\t\t\t\t\t\t<div class=\"elementor-container elementor-column-gap-default\">\n\t\t\t\t\t<div class=\"elementor-column elementor-col-100 elementor-top-column elementor-element elementor-element-7ff6e94\" data-id=\"7ff6e94\" data-element_type=\"column\">\n\t\t\t<div class=\"elementor-widget-wrap elementor-element-populated\">\n\t\t\t\t\t\t<div class=\"elementor-element elementor-element-18574ae elementor-invisible elementor-widget elementor-widget-rt-blog\" data-id=\"18574ae\" data-element_type=\"widget\" data-settings=\"{&quot;motion_fx_motion_fx_mouse&quot;:&quot;yes&quot;,&quot;_animation&quot;:&quot;zoomIn&quot;}\" data-widget_type=\"rt-blog.default\">\n\t\t\t\t<div class=\"elementor-widget-container\">\n\t\t\t\t\t\n<div id=\"blog-dynamicID-485134\" class=\"blog_list row masonry-gallery\" data-column-width=\"3\">\n<article id=\"7420\" class=\"col blog-loop blog-loop-default col-lg-4 col-12 col-sm-12 rt-dynamic post-7420 post type-post status-publish format-standard has-post-thumbnail hentry category-fitoterapotik-bitkiler\"><div class=\"post-content-wrapper boxed\">\n \n\n<!-- blog box-->\n\t\t<figure class=\"featured_image featured_media\">\n\t\t<a href=\"https:\/\/veterineresor.com\/?p=7420\" title=\"Troid Hastal\u0131\u011f\u0131 Olan Kedi ve K\u00f6peklerin Diyetine Eklenebilecek Fitoterap\u00f6tik Bitkiler\" class=\"imgeffect link featured_image\"><img fetchpriority=\"high\" decoding=\"async\" src=\"https:\/\/veterineresor.com\/wp-content\/uploads\/2025\/03\/troid-bitki-695x695.jpg\" alt=\"\" class=\"\" width=\"695\" height=\"695\" \/><\/a>\t\t\n\t<\/figure> \n\t\n\n\t<div class=\"entry-content text\">\n\n\t\t<!-- blog headline-->\n\t\t<h2 class=\"entry-title\"><a href=\"https:\/\/veterineresor.com\/?p=7420\" rel=\"bookmark\">Troid Hastal\u0131\u011f\u0131 Olan Kedi ve K\u00f6peklerin Diyetine Eklenebilecek Fitoterap\u00f6tik Bitkiler<\/a><\/h2> \n \n\t \t\r\n\t\t<!-- meta data -->\r\n\t\t<div class=\"post_data\">\r\n\t\t\t\t\t\t<!-- user -->                                     \r\n\t\t\t<span class=\"user\">\r\n\t\t\tby  <a href=\"https:\/\/veterineresor.com\/?author=1\" title=\"admin taraf\u0131ndan yaz\u0131lan yaz\u0131lar\" rel=\"author\">admin<\/a>\t\t\t\t\r\n\t\t\t<\/span>\r\n\r\n\t\t\t\t\t\t\t\r\n\t\t\t\t\t\t<!-- categories -->\r\n\t\t\t<span class=\"categories\">\r\n\t\t\tin <a href=\"https:\/\/veterineresor.com\/?cat=68\" rel=\"category\">Fitoterap\u00f6tik Bitkiler<\/a>\t\t\t\t\r\n\t\t\t<\/span>\r\n\t\t\t\r\n\t\t\t\r\n\t\t\t\t\t\t\r\n\r\n\t\t\t\t\t\t<!-- date -->                                     \r\n\t\t\t<span class=\"date\"><a href=\"https:\/\/veterineresor.com\/?p=7420\">3 Mart 2025<\/a><\/span>\r\n\t\t\t\r\n\r\n\t\t<\/div><!-- \/ end div  .post_data -->\r\n\t\t\t\t\t\n\n\t\t<p>Tir...<\/p>\t<\/div> \n\n\t<div class=\"entry-footer\">\n\n\t\t<a href=\"https:\/\/veterineresor.com\/?p=7420\" class=\"entry-read-more\">read more<\/a>\n\t<\/div>\t\n<!-- \/ blog box-->\n<\/div><\/article>\n<article id=\"7417\" class=\"col blog-loop blog-loop-default col-lg-4 col-12 col-sm-12 rt-dynamic post-7417 post type-post status-publish format-standard has-post-thumbnail hentry category-fitoterapotik-bitkiler\"><div class=\"post-content-wrapper boxed\">\n \n\n<!-- blog box-->\n\t\t<figure class=\"featured_image featured_media\">\n\t\t<a href=\"https:\/\/veterineresor.com\/?p=7417\" title=\"Karaci\u011fer Yetmezli\u011fi Olan Kedi ve K\u00f6peklerin Diyetine Eklenebilecek Fitoterap\u00f6tik Bitkiler\" class=\"imgeffect link featured_image\"><img decoding=\"async\" src=\"https:\/\/veterineresor.com\/wp-content\/uploads\/2025\/03\/karaciger-bitki-695x695.jpg\" alt=\"\" class=\"\" width=\"695\" height=\"695\" \/><\/a>\t\t\n\t<\/figure> \n\t\n\n\t<div class=\"entry-content text\">\n\n\t\t<!-- blog headline-->\n\t\t<h2 class=\"entry-title\"><a href=\"https:\/\/veterineresor.com\/?p=7417\" rel=\"bookmark\">Karaci\u011fer Yetmezli\u011fi Olan Kedi ve K\u00f6peklerin Diyetine Eklenebilecek Fitoterap\u00f6tik Bitkiler<\/a><\/h2> \n \n\t \t\r\n\t\t<!-- meta data -->\r\n\t\t<div class=\"post_data\">\r\n\t\t\t\t\t\t<!-- user -->                                     \r\n\t\t\t<span class=\"user\">\r\n\t\t\tby  <a href=\"https:\/\/veterineresor.com\/?author=1\" title=\"admin taraf\u0131ndan yaz\u0131lan yaz\u0131lar\" rel=\"author\">admin<\/a>\t\t\t\t\r\n\t\t\t<\/span>\r\n\r\n\t\t\t\t\t\t\t\r\n\t\t\t\t\t\t<!-- categories -->\r\n\t\t\t<span class=\"categories\">\r\n\t\t\tin <a href=\"https:\/\/veterineresor.com\/?cat=68\" rel=\"category\">Fitoterap\u00f6tik Bitkiler<\/a>\t\t\t\t\r\n\t\t\t<\/span>\r\n\t\t\t\r\n\t\t\t\r\n\t\t\t\t\t\t\r\n\r\n\t\t\t\t\t\t<!-- date -->                                     \r\n\t\t\t<span class=\"date\"><a href=\"https:\/\/veterineresor.com\/?p=7417\">3 Mart 2025<\/a><\/span>\r\n\t\t\t\r\n\r\n\t\t<\/div><!-- \/ end div  .post_data -->\r\n\t\t\t\t\t\n\n\t\t<p>Kar...<\/p>\t<\/div> \n\n\t<div class=\"entry-footer\">\n\n\t\t<a href=\"https:\/\/veterineresor.com\/?p=7417\" class=\"entry-read-more\">read more<\/a>\n\t<\/div>\t\n<!-- \/ blog box-->\n<\/div><\/article>\n<article id=\"7414\" class=\"col blog-loop blog-loop-default col-lg-4 col-12 col-sm-12 rt-dynamic post-7414 post type-post status-publish format-standard has-post-thumbnail hentry category-fitoterapotik-bitkiler\"><div class=\"post-content-wrapper boxed\">\n \n\n<!-- blog box-->\n\t\t<figure class=\"featured_image featured_media\">\n\t\t<a href=\"https:\/\/veterineresor.com\/?p=7414\" title=\"Kalp Yetmezli\u011fi Olan Kedi ve K\u00f6peklerin Diyetine Eklenebilecek Fitoterap\u00f6tik Bitkiler\" class=\"imgeffect link featured_image\"><img decoding=\"async\" src=\"https:\/\/veterineresor.com\/wp-content\/uploads\/2025\/03\/kalp-bitki-695x695.jpg\" alt=\"\" class=\"\" width=\"695\" height=\"695\" \/><\/a>\t\t\n\t<\/figure> \n\t\n\n\t<div class=\"entry-content text\">\n\n\t\t<!-- blog headline-->\n\t\t<h2 class=\"entry-title\"><a href=\"https:\/\/veterineresor.com\/?p=7414\" rel=\"bookmark\">Kalp Yetmezli\u011fi Olan Kedi ve K\u00f6peklerin Diyetine Eklenebilecek Fitoterap\u00f6tik Bitkiler<\/a><\/h2> \n \n\t \t\r\n\t\t<!-- meta data -->\r\n\t\t<div class=\"post_data\">\r\n\t\t\t\t\t\t<!-- user -->                                     \r\n\t\t\t<span class=\"user\">\r\n\t\t\tby  <a href=\"https:\/\/veterineresor.com\/?author=1\" title=\"admin taraf\u0131ndan yaz\u0131lan yaz\u0131lar\" rel=\"author\">admin<\/a>\t\t\t\t\r\n\t\t\t<\/span>\r\n\r\n\t\t\t\t\t\t\t\r\n\t\t\t\t\t\t<!-- categories -->\r\n\t\t\t<span class=\"categories\">\r\n\t\t\tin <a href=\"https:\/\/veterineresor.com\/?cat=68\" rel=\"category\">Fitoterap\u00f6tik Bitkiler<\/a>\t\t\t\t\r\n\t\t\t<\/span>\r\n\t\t\t\r\n\t\t\t\r\n\t\t\t\t\t\t\r\n\r\n\t\t\t\t\t\t<!-- date -->                                     \r\n\t\t\t<span class=\"date\"><a href=\"https:\/\/veterineresor.com\/?p=7414\">3 Mart 2025<\/a><\/span>\r\n\t\t\t\r\n\r\n\t\t<\/div><!-- \/ end div  .post_data -->\r\n\t\t\t\t\t\n\n\t\t<p>Kal...<\/p>\t<\/div> \n\n\t<div class=\"entry-footer\">\n\n\t\t<a href=\"https:\/\/veterineresor.com\/?p=7414\" class=\"entry-read-more\">read more<\/a>\n\t<\/div>\t\n<!-- \/ blog box-->\n<\/div><\/article>\n<article id=\"7409\" class=\"col blog-loop blog-loop-default col-lg-4 col-12 col-sm-12 rt-dynamic post-7409 post type-post status-publish format-standard has-post-thumbnail hentry category-fitoterapotik-bitkiler\"><div class=\"post-content-wrapper boxed\">\n \n\n<!-- blog box-->\n\t\t<figure class=\"featured_image featured_media\">\n\t\t<a href=\"https:\/\/veterineresor.com\/?p=7409\" title=\"Diyabet Hastas\u0131 Kedi ve K\u00f6peklerin Diyetine Eklenebilecek Fitoterap\u00f6tik Bitkiler\" class=\"imgeffect link featured_image\"><img loading=\"lazy\" decoding=\"async\" src=\"https:\/\/veterineresor.com\/wp-content\/uploads\/2025\/03\/diabet-bitki-695x695.jpg\" alt=\"\" class=\"\" width=\"695\" height=\"695\" \/><\/a>\t\t\n\t<\/figure> \n\t\n\n\t<div class=\"entry-content text\">\n\n\t\t<!-- blog headline-->\n\t\t<h2 class=\"entry-title\"><a href=\"https:\/\/veterineresor.com\/?p=7409\" rel=\"bookmark\">Diyabet Hastas\u0131 Kedi ve K\u00f6peklerin Diyetine Eklenebilecek Fitoterap\u00f6tik Bitkiler<\/a><\/h2> \n \n\t \t\r\n\t\t<!-- meta data -->\r\n\t\t<div class=\"post_data\">\r\n\t\t\t\t\t\t<!-- user -->                                     \r\n\t\t\t<span class=\"user\">\r\n\t\t\tby  <a href=\"https:\/\/veterineresor.com\/?author=1\" title=\"admin taraf\u0131ndan yaz\u0131lan yaz\u0131lar\" rel=\"author\">admin<\/a>\t\t\t\t\r\n\t\t\t<\/span>\r\n\r\n\t\t\t\t\t\t\t\r\n\t\t\t\t\t\t<!-- categories -->\r\n\t\t\t<span class=\"categories\">\r\n\t\t\tin <a href=\"https:\/\/veterineresor.com\/?cat=68\" rel=\"category\">Fitoterap\u00f6tik Bitkiler<\/a>\t\t\t\t\r\n\t\t\t<\/span>\r\n\t\t\t\r\n\t\t\t\r\n\t\t\t\t\t\t\r\n\r\n\t\t\t\t\t\t<!-- date -->                                     \r\n\t\t\t<span class=\"date\"><a href=\"https:\/\/veterineresor.com\/?p=7409\">3 Mart 2025<\/a><\/span>\r\n\t\t\t\r\n\r\n\t\t<\/div><!-- \/ end div  .post_data -->\r\n\t\t\t\t\t\n\n\t\t<p>\ud83d\udd39 K...<\/p>\t<\/div> \n\n\t<div class=\"entry-footer\">\n\n\t\t<a href=\"https:\/\/veterineresor.com\/?p=7409\" class=\"entry-read-more\">read more<\/a>\n\t<\/div>\t\n<!-- \/ blog box-->\n<\/div><\/article>\n<article id=\"7406\" class=\"col blog-loop blog-loop-default col-lg-4 col-12 col-sm-12 rt-dynamic post-7406 post type-post status-publish format-standard has-post-thumbnail hentry category-fitoterapotik-bitkiler\"><div class=\"post-content-wrapper boxed\">\n \n\n<!-- blog box-->\n\t\t<figure class=\"featured_image featured_media\">\n\t\t<a href=\"https:\/\/veterineresor.com\/?p=7406\" title=\"Deri Alerjisi Olan Kedi ve K\u00f6peklerin Diyetine Eklenebilecek Fitoterap\u00f6tik Bitkiler\" class=\"imgeffect link featured_image\"><img loading=\"lazy\" decoding=\"async\" src=\"https:\/\/veterineresor.com\/wp-content\/uploads\/2025\/03\/deri-bitki-695x695.jpg\" alt=\"\" class=\"\" width=\"695\" height=\"695\" \/><\/a>\t\t\n\t<\/figure> \n\t\n\n\t<div class=\"entry-content text\">\n\n\t\t<!-- blog headline-->\n\t\t<h2 class=\"entry-title\"><a href=\"https:\/\/veterineresor.com\/?p=7406\" rel=\"bookmark\">Deri Alerjisi Olan Kedi ve K\u00f6peklerin Diyetine Eklenebilecek Fitoterap\u00f6tik Bitkiler<\/a><\/h2> \n \n\t \t\r\n\t\t<!-- meta data -->\r\n\t\t<div class=\"post_data\">\r\n\t\t\t\t\t\t<!-- user -->                                     \r\n\t\t\t<span class=\"user\">\r\n\t\t\tby  <a href=\"https:\/\/veterineresor.com\/?author=1\" title=\"admin taraf\u0131ndan yaz\u0131lan yaz\u0131lar\" rel=\"author\">admin<\/a>\t\t\t\t\r\n\t\t\t<\/span>\r\n\r\n\t\t\t\t\t\t\t\r\n\t\t\t\t\t\t<!-- categories -->\r\n\t\t\t<span class=\"categories\">\r\n\t\t\tin <a href=\"https:\/\/veterineresor.com\/?cat=68\" rel=\"category\">Fitoterap\u00f6tik Bitkiler<\/a>\t\t\t\t\r\n\t\t\t<\/span>\r\n\t\t\t\r\n\t\t\t\r\n\t\t\t\t\t\t\r\n\r\n\t\t\t\t\t\t<!-- date -->                                     \r\n\t\t\t<span class=\"date\"><a href=\"https:\/\/veterineresor.com\/?p=7406\">3 Mart 2025<\/a><\/span>\r\n\t\t\t\r\n\r\n\t\t<\/div><!-- \/ end div  .post_data -->\r\n\t\t\t\t\t\n\n\t\t<p>Der...<\/p>\t<\/div> \n\n\t<div class=\"entry-footer\">\n\n\t\t<a href=\"https:\/\/veterineresor.com\/?p=7406\" class=\"entry-read-more\">read more<\/a>\n\t<\/div>\t\n<!-- \/ blog box-->\n<\/div><\/article>\n<article id=\"5139\" class=\"col blog-loop blog-loop-default col-lg-4 col-12 col-sm-12 rt-dynamic post-5139 post type-post status-publish format-standard has-post-thumbnail hentry category-fitoterapotik-bitkiler\"><div class=\"post-content-wrapper boxed\">\n \n\n<!-- blog box-->\n\t\t<figure class=\"featured_image featured_media\">\n\t\t<a href=\"https:\/\/veterineresor.com\/?p=5139\" title=\"B\u00f6brek Yetmezli\u011fi Olan Kedi ve K\u00f6peklerin Diyetine Eklenebilecek Fitoterap\u00f6tik Bitkiler\" class=\"imgeffect link featured_image\"><img loading=\"lazy\" decoding=\"async\" src=\"https:\/\/veterineresor.com\/wp-content\/uploads\/2018\/02\/bobrek-bitki-695x695.jpg\" alt=\"\" class=\"\" width=\"695\" height=\"695\" \/><\/a>\t\t\n\t<\/figure> \n\t\n\n\t<div class=\"entry-content text\">\n\n\t\t<!-- blog headline-->\n\t\t<h2 class=\"entry-title\"><a href=\"https:\/\/veterineresor.com\/?p=5139\" rel=\"bookmark\">B\u00f6brek Yetmezli\u011fi Olan Kedi ve K\u00f6peklerin Diyetine Eklenebilecek Fitoterap\u00f6tik Bitkiler<\/a><\/h2> \n \n\t \t\r\n\t\t<!-- meta data -->\r\n\t\t<div class=\"post_data\">\r\n\t\t\t\t\t\t<!-- user -->                                     \r\n\t\t\t<span class=\"user\">\r\n\t\t\tby  <a href=\"https:\/\/veterineresor.com\/?author=1\" title=\"admin taraf\u0131ndan yaz\u0131lan yaz\u0131lar\" rel=\"author\">admin<\/a>\t\t\t\t\r\n\t\t\t<\/span>\r\n\r\n\t\t\t\t\t\t\t\r\n\t\t\t\t\t\t<!-- categories -->\r\n\t\t\t<span class=\"categories\">\r\n\t\t\tin <a href=\"https:\/\/veterineresor.com\/?cat=68\" rel=\"category\">Fitoterap\u00f6tik Bitkiler<\/a>\t\t\t\t\r\n\t\t\t<\/span>\r\n\t\t\t\r\n\t\t\t\r\n\t\t\t\t\t\t\r\n\r\n\t\t\t\t\t\t<!-- date -->                                     \r\n\t\t\t<span class=\"date\"><a href=\"https:\/\/veterineresor.com\/?p=5139\">27 \u015eubat 2018<\/a><\/span>\r\n\t\t\t\r\n\r\n\t\t<\/div><!-- \/ end div  .post_data -->\r\n\t\t\t\t\t\n\n\t\t<p>B\u00f6b...<\/p>\t<\/div> \n\n\t<div class=\"entry-footer\">\n\n\t\t<a href=\"https:\/\/veterineresor.com\/?p=5139\" class=\"entry-read-more\">read more<\/a>\n\t<\/div>\t\n<!-- \/ blog box-->\n<\/div><\/article>\n<\/div>\n\t\t\t\t<\/div>\n\t\t\t\t<\/div>\n\t\t\t\t\t<\/div>\n\t\t<\/div>\n\t\t\t\t\t<\/div>\n\t\t<\/section>\n\t\t\t\t<\/div>\n\t\t","protected":false},"excerpt":{"rendered":"<p>Troid Hastal\u0131\u011f\u0131 Olan Kedi ve K\u00f6peklerin Diyetine Eklenebilecek Fitoterap\u00f6tik Bitkiler by admin in Fitoterap\u00f6tik Bitkiler 3 Mart 2025 Tir&#8230; read more Karaci\u011fer Yetmezli\u011fi Olan Kedi ve K\u00f6peklerin Diyetine Eklenebilecek Fitoterap\u00f6tik Bitkiler by admin in Fitoterap\u00f6tik Bitkiler 3 Mart 2025 Kar&#8230; read more Kalp Yetmezli\u011fi Olan Kedi ve K\u00f6peklerin Diyetine Eklenebilecek Fitoterap\u00f6tik Bitkiler by admin in [&hellip;]<\/p>\n","protected":false},"author":1,"featured_media":0,"parent":0,"menu_order":0,"comment_status":"closed","ping_status":"closed","template":"","meta":{"footnotes":""},"class_list":["post-5188","page","type-page","status-publish","hentry"],"_links":{"self":[{"href":"https:\/\/veterineresor.com\/index.php?rest_route=\/wp\/v2\/pages\/5188","targetHints":{"allow":["GET"]}}],"collection":[{"href":"https:\/\/veterineresor.com\/index.php?rest_route=\/wp\/v2\/pages"}],"about":[{"href":"https:\/\/veterineresor.com\/index.php?rest_route=\/wp\/v2\/types\/page"}],"author":[{"embeddable":true,"href":"https:\/\/veterineresor.com\/index.php?rest_route=\/wp\/v2\/users\/1"}],"replies":[{"embeddable":true,"href":"https:\/\/veterineresor.com\/index.php?rest_route=%2Fwp%2Fv2%2Fcomments&post=5188"}],"version-history":[{"count":7,"href":"https:\/\/veterineresor.com\/index.php?rest_route=\/wp\/v2\/pages\/5188\/revisions"}],"predecessor-version":[{"id":7475,"href":"https:\/\/veterineresor.com\/index.php?rest_route=\/wp\/v2\/pages\/5188\/revisions\/7475"}],"wp:attachment":[{"href":"https:\/\/veterineresor.com\/index.php?rest_route=%2Fwp%2Fv2%2Fmedia&parent=5188"}],"curies":[{"name":"wp","href":"https:\/\/api.w.org\/{rel}","templated":true}]}}