{"id":5446,"date":"2018-03-02T21:32:57","date_gmt":"2018-03-02T21:32:57","guid":{"rendered":"https:\/\/naturalife.rtthemes.com\/demo\/?page_id=5446"},"modified":"2025-03-03T22:20:23","modified_gmt":"2025-03-03T19:20:23","slug":"portfolio_s1","status":"publish","type":"page","link":"https:\/\/veterineresor.com\/?page_id=5446","title":{"rendered":"portfolyo kullan\u0131lan sayfa 1"},"content":{"rendered":"\t\t<div data-elementor-type=\"wp-post\" data-elementor-id=\"5446\" class=\"elementor elementor-5446\" data-elementor-post-type=\"page\">\n\t\t\t\t\t\t<section class=\"elementor-section elementor-top-section elementor-element elementor-element-c878f94 elementor-section-boxed elementor-section-height-default elementor-section-height-default default-style\" data-id=\"c878f94\" data-element_type=\"section\" data-settings=\"{&quot;background_background&quot;:&quot;classic&quot;,&quot;rt_color_sets&quot;:&quot;default-style&quot;}\">\n\t\t\t\t\t\t<div class=\"elementor-container elementor-column-gap-default\">\n\t\t\t\t\t<div class=\"elementor-column elementor-col-100 elementor-top-column elementor-element elementor-element-579a62b\" data-id=\"579a62b\" data-element_type=\"column\">\n\t\t\t<div class=\"elementor-widget-wrap elementor-element-populated\">\n\t\t\t\t\t\t<div class=\"elementor-element elementor-element-e18ce2d elementor-widget elementor-widget-rt-portfolio\" data-id=\"e18ce2d\" data-element_type=\"widget\" data-widget_type=\"rt-portfolio.default\">\n\t\t\t\t<div class=\"elementor-widget-container\">\n\t\t\t\t\t\n<div id=\"portfolio-dynamicID-660213\" class=\"portfolio_list rt-gallery fixed_heights grid-gallery\" data-column-width=\"3\">\n<div class=\"row fixed_heights\">\n<div class=\"col col-12 col-sm-4   portfolio-67\">\n \n\n<!-- portfolio box-->\n<div class=\"loop style-1 hover-1 boxed image post-7354 portfolio type-portfolio status-publish has-post-thumbnail hentry portfolio_categories-troid\" id=\"portfolio-7354\">\n\n\t<div class=\"portfolio-loop-item-wrapper\">\n\t\t \n\t\t\t\t\t<figure class=\"image-thumbnail\">\n\t\t\t\t\t\t<a href=\"https:\/\/veterineresor.com\/?portfolio=evcil-hayvanlarda-tiroid-hastaliklari-icin-ev-yapimi-diyeti\" target=\"_self\" title=\"Evcil Hayvanlarda Tiroid Hastal\u0131klar\u0131 \u0130\u00e7in Ev Yap\u0131m\u0131 Diyeti\"><img fetchpriority=\"high\" decoding=\"async\" src=\"https:\/\/veterineresor.com\/wp-content\/uploads\/2025\/03\/troid-610x610.jpg\" alt=\"\" class=\"\" width=\"610\" height=\"610\" \/><\/a>\n\t\t\t\t\t<\/figure>\n\n\t\t\t\t\t<section class=\"text\">\n\t\t\t\t\t\t<h5 class=\"title\"><a href=\"https:\/\/veterineresor.com\/?portfolio=evcil-hayvanlarda-tiroid-hastaliklari-icin-ev-yapimi-diyeti\" target=\"_self\" rel=\"bookmark\">Evcil Hayvanlarda Tiroid Hastal\u0131klar\u0131 \u0130\u00e7in Ev Yap\u0131m\u0131 Diyeti<\/a><\/h5>\n\t\t\t\t\t\t<span class=\"terms\"><a href=\"https:\/\/veterineresor.com\/?taxonomy=portfolio_categories&#038;term=troid\" rel=\"tag\">Troid<\/a><\/span>\n\t\t\t\t\t\t<p>\u0130\u015fte evcil hayvan\u0131n\u0131z\u0131n sa\u011fl\u0131\u011f\u0131n\u0131 desteklemek i\u00e7in ev yap\u0131m\u0131 tiroid diyeti hakk\u0131nda bilmeniz gerekenler.<\/p>\n\t\t\t\t\t<\/section>  \n\t\t\t\t\t<\/div>\n<\/div> \n<!-- \/ portfolio box-->\n<\/div>\n<div class=\"col col-12 col-sm-4   portfolio-66\">\n \n\n<!-- portfolio box-->\n<div class=\"loop style-1 hover-1 boxed image post-7349 portfolio type-portfolio status-publish has-post-thumbnail hentry portfolio_categories-kanser\" id=\"portfolio-7349\">\n\n\t<div class=\"portfolio-loop-item-wrapper\">\n\t\t \n\t\t\t\t\t<figure class=\"image-thumbnail\">\n\t\t\t\t\t\t<a href=\"https:\/\/veterineresor.com\/?portfolio=evcil-hayvanlarda-kanser-hastaligi-icin-ev-yapimi-diyeti\" target=\"_self\" title=\"Evcil Hayvanlarda Kanser Hastal\u0131\u011f\u0131 \u0130\u00e7in Ev Yap\u0131m\u0131 Diyeti\"><img decoding=\"async\" src=\"https:\/\/veterineresor.com\/wp-content\/uploads\/2025\/03\/kanser-610x610.jpg\" alt=\"\" class=\"\" width=\"610\" height=\"610\" \/><\/a>\n\t\t\t\t\t<\/figure>\n\n\t\t\t\t\t<section class=\"text\">\n\t\t\t\t\t\t<h5 class=\"title\"><a href=\"https:\/\/veterineresor.com\/?portfolio=evcil-hayvanlarda-kanser-hastaligi-icin-ev-yapimi-diyeti\" target=\"_self\" rel=\"bookmark\">Evcil Hayvanlarda Kanser Hastal\u0131\u011f\u0131 \u0130\u00e7in Ev Yap\u0131m\u0131 Diyeti<\/a><\/h5>\n\t\t\t\t\t\t<span class=\"terms\"><a href=\"https:\/\/veterineresor.com\/?taxonomy=portfolio_categories&#038;term=kanser\" rel=\"tag\">Kanser<\/a><\/span>\n\t\t\t\t\t\t<p>\u0130\u015fte evcil hayvan\u0131n\u0131z\u0131n sa\u011fl\u0131\u011f\u0131n\u0131 desteklemek i\u00e7in ev yap\u0131m\u0131 kansere diyeti hakk\u0131nda bilmeniz gerekenler.<\/p>\n\t\t\t\t\t<\/section>  \n\t\t\t\t\t<\/div>\n<\/div> \n<!-- \/ portfolio box-->\n<\/div>\n<div class=\"col col-12 col-sm-4   portfolio-65\">\n \n\n<!-- portfolio box-->\n<div class=\"loop style-1 hover-1 boxed image post-7344 portfolio type-portfolio status-publish has-post-thumbnail hentry portfolio_categories-karaciger-sagligi\" id=\"portfolio-7344\">\n\n\t<div class=\"portfolio-loop-item-wrapper\">\n\t\t \n\t\t\t\t\t<figure class=\"image-thumbnail\">\n\t\t\t\t\t\t<a href=\"https:\/\/veterineresor.com\/?portfolio=evcil-hayvanlarda-karaciger-hastaligi-icin-ev-yapimi-diyet\" target=\"_self\" title=\"Evcil Hayvanlarda Karaci\u011fer Hastal\u0131\u011f\u0131 \u0130\u00e7in Ev Yap\u0131m\u0131 Diyet\"><img decoding=\"async\" src=\"https:\/\/veterineresor.com\/wp-content\/uploads\/2025\/02\/karaciger-610x610.jpg\" alt=\"\" class=\"\" width=\"610\" height=\"610\" \/><\/a>\n\t\t\t\t\t<\/figure>\n\n\t\t\t\t\t<section class=\"text\">\n\t\t\t\t\t\t<h5 class=\"title\"><a href=\"https:\/\/veterineresor.com\/?portfolio=evcil-hayvanlarda-karaciger-hastaligi-icin-ev-yapimi-diyet\" target=\"_self\" rel=\"bookmark\">Evcil Hayvanlarda Karaci\u011fer Hastal\u0131\u011f\u0131 \u0130\u00e7in Ev Yap\u0131m\u0131 Diyet<\/a><\/h5>\n\t\t\t\t\t\t<span class=\"terms\"><a href=\"https:\/\/veterineresor.com\/?taxonomy=portfolio_categories&#038;term=karaciger-sagligi\" rel=\"tag\">Karaci\u011fer sa\u011fl\u0131\u011f\u0131<\/a><\/span>\n\t\t\t\t\t\t<p>\u0130\u015fte evcil hayvan\u0131n\u0131z\u0131n sa\u011fl\u0131\u011f\u0131n\u0131 desteklemek i\u00e7in ev yap\u0131m\u0131 karaci\u011fer diyeti hakk\u0131nda bilmeniz gerekenler.<\/p>\n\t\t\t\t\t<\/section>  \n\t\t\t\t\t<\/div>\n<\/div> \n<!-- \/ portfolio box-->\n<\/div>\n<\/div>\n<div class=\"row fixed_heights\">\n<div class=\"col col-12 col-sm-4   portfolio-64\">\n \n\n<!-- portfolio box-->\n<div class=\"loop style-1 hover-1 boxed image post-7339 portfolio type-portfolio status-publish has-post-thumbnail hentry portfolio_categories-kalp-sagligi\" id=\"portfolio-7339\">\n\n\t<div class=\"portfolio-loop-item-wrapper\">\n\t\t \n\t\t\t\t\t<figure class=\"image-thumbnail\">\n\t\t\t\t\t\t<a href=\"https:\/\/veterineresor.com\/?portfolio=evcil-hayvanlarda-kalp-hastaliklari-icin-ev-yapimi-diyet\" target=\"_self\" title=\"Evcil Hayvanlarda Kalp Hastal\u0131klar\u0131 \u0130\u00e7in Ev Yap\u0131m\u0131 Diyet\"><img loading=\"lazy\" decoding=\"async\" src=\"https:\/\/veterineresor.com\/wp-content\/uploads\/2025\/02\/kalp2-610x610.jpg\" alt=\"\" class=\"\" width=\"610\" height=\"610\" \/><\/a>\n\t\t\t\t\t<\/figure>\n\n\t\t\t\t\t<section class=\"text\">\n\t\t\t\t\t\t<h5 class=\"title\"><a href=\"https:\/\/veterineresor.com\/?portfolio=evcil-hayvanlarda-kalp-hastaliklari-icin-ev-yapimi-diyet\" target=\"_self\" rel=\"bookmark\">Evcil Hayvanlarda Kalp Hastal\u0131klar\u0131 \u0130\u00e7in Ev Yap\u0131m\u0131 Diyet<\/a><\/h5>\n\t\t\t\t\t\t<span class=\"terms\"><a href=\"https:\/\/veterineresor.com\/?taxonomy=portfolio_categories&#038;term=kalp-sagligi\" rel=\"tag\">Kalp sa\u011fl\u0131\u011f\u0131<\/a><\/span>\n\t\t\t\t\t\t<p>\u0130\u015fte evcil hayvan\u0131n\u0131z\u0131n sa\u011fl\u0131\u011f\u0131n\u0131 desteklemek i\u00e7in ev yap\u0131m\u0131 kalp dostu diyet hakk\u0131nda bilmeniz gerekenler.<\/p>\n\t\t\t\t\t<\/section>  \n\t\t\t\t\t<\/div>\n<\/div> \n<!-- \/ portfolio box-->\n<\/div>\n<div class=\"col col-12 col-sm-4   portfolio-63\">\n \n\n<!-- portfolio box-->\n<div class=\"loop style-1 hover-1 boxed image post-7334 portfolio type-portfolio status-publish has-post-thumbnail hentry portfolio_categories-idrar-yolu-sagligi\" id=\"portfolio-7334\">\n\n\t<div class=\"portfolio-loop-item-wrapper\">\n\t\t \n\t\t\t\t\t<figure class=\"image-thumbnail\">\n\t\t\t\t\t\t<a href=\"https:\/\/veterineresor.com\/?portfolio=evcil-hayvanlarda-idrar-yolu-sagligi-icin-ev-yapimi-diyet\" target=\"_self\" title=\"Evcil Hayvanlarda \u0130drar Yolu Sa\u011fl\u0131\u011f\u0131 \u0130\u00e7in Ev Yap\u0131m\u0131 Diyet\"><img loading=\"lazy\" decoding=\"async\" src=\"https:\/\/veterineresor.com\/wp-content\/uploads\/2025\/02\/idrar-yolu-610x610.jpg\" alt=\"\" class=\"\" width=\"610\" height=\"610\" \/><\/a>\n\t\t\t\t\t<\/figure>\n\n\t\t\t\t\t<section class=\"text\">\n\t\t\t\t\t\t<h5 class=\"title\"><a href=\"https:\/\/veterineresor.com\/?portfolio=evcil-hayvanlarda-idrar-yolu-sagligi-icin-ev-yapimi-diyet\" target=\"_self\" rel=\"bookmark\">Evcil Hayvanlarda \u0130drar Yolu Sa\u011fl\u0131\u011f\u0131 \u0130\u00e7in Ev Yap\u0131m\u0131 Diyet<\/a><\/h5>\n\t\t\t\t\t\t<span class=\"terms\"><a href=\"https:\/\/veterineresor.com\/?taxonomy=portfolio_categories&#038;term=idrar-yolu-sagligi\" rel=\"tag\">\u0130drar Yolu Sa\u011fl\u0131\u011f\u0131<\/a><\/span>\n\t\t\t\t\t\t<p>\u0130\u015fte evcil hayvan\u0131n\u0131z\u0131n sa\u011fl\u0131\u011f\u0131n\u0131 desteklemek i\u00e7in ev yap\u0131m\u0131, idrar yolu sa\u011fl\u0131\u011f\u0131 diyeti hakk\u0131nda bilmeniz gerekenler.<\/p>\n\t\t\t\t\t<\/section>  \n\t\t\t\t\t<\/div>\n<\/div> \n<!-- \/ portfolio box-->\n<\/div>\n<div class=\"col col-12 col-sm-4   portfolio-62\">\n \n\n<!-- portfolio box-->\n<div class=\"loop style-1 hover-1 boxed image post-7329 portfolio type-portfolio status-publish has-post-thumbnail hentry portfolio_categories-diabet\" id=\"portfolio-7329\">\n\n\t<div class=\"portfolio-loop-item-wrapper\">\n\t\t \n\t\t\t\t\t<figure class=\"image-thumbnail\">\n\t\t\t\t\t\t<a href=\"https:\/\/veterineresor.com\/?portfolio=evcil-hayvanlarda-diyabet-icin-ev-yapimi-diyet\" target=\"_self\" title=\"Evcil Hayvanlarda Diyabet \u0130\u00e7in Ev Yap\u0131m\u0131 Diyet\"><img loading=\"lazy\" decoding=\"async\" src=\"https:\/\/veterineresor.com\/wp-content\/uploads\/2025\/02\/kedi-diabet-610x610.jpg\" alt=\"\" class=\"\" width=\"610\" height=\"610\" \/><\/a>\n\t\t\t\t\t<\/figure>\n\n\t\t\t\t\t<section class=\"text\">\n\t\t\t\t\t\t<h5 class=\"title\"><a href=\"https:\/\/veterineresor.com\/?portfolio=evcil-hayvanlarda-diyabet-icin-ev-yapimi-diyet\" target=\"_self\" rel=\"bookmark\">Evcil Hayvanlarda Diyabet \u0130\u00e7in Ev Yap\u0131m\u0131 Diyet<\/a><\/h5>\n\t\t\t\t\t\t<span class=\"terms\"><a href=\"https:\/\/veterineresor.com\/?taxonomy=portfolio_categories&#038;term=diabet\" rel=\"tag\">Diabet<\/a><\/span>\n\t\t\t\t\t\t<p>\u0130\u015fte evcil hayvan\u0131n\u0131z\u0131n sa\u011fl\u0131\u011f\u0131n\u0131 desteklemek i\u00e7in ev yap\u0131m\u0131 b\u00f6brek diyeti hakk\u0131nda bilmeniz gerekenler.<\/p>\n\t\t\t\t\t<\/section>  \n\t\t\t\t\t<\/div>\n<\/div> \n<!-- \/ portfolio box-->\n<\/div>\n<\/div>\n<\/div>\n<div class=\"paging_wrapper margin-t30 margin-b30\"><ul class='page-numbers'>\n\t<li><span aria-label=\"Sayfa 1\" aria-current=\"page\" class=\"page-numbers current\">1<\/span><\/li>\n\t<li><a aria-label=\"Sayfa 2\" class=\"page-numbers\" href=\"https:\/\/veterineresor.com\/index.php\/?paged=2\">2<\/a><\/li>\n\t<li><a class=\"next page-numbers\" href=\"https:\/\/veterineresor.com\/index.php\/?paged=2\">next<\/a><\/li>\n<\/ul>\n<\/div>\t\t\t\t<\/div>\n\t\t\t\t<\/div>\n\t\t\t\t\t<\/div>\n\t\t<\/div>\n\t\t\t\t\t<\/div>\n\t\t<\/section>\n\t\t\t\t<\/div>\n\t\t","protected":false},"excerpt":{"rendered":"<p>Evcil Hayvanlarda Tiroid Hastal\u0131klar\u0131 \u0130\u00e7in Ev Yap\u0131m\u0131 Diyeti Troid \u0130\u015fte evcil hayvan\u0131n\u0131z\u0131n sa\u011fl\u0131\u011f\u0131n\u0131 desteklemek i\u00e7in ev yap\u0131m\u0131 tiroid diyeti hakk\u0131nda bilmeniz gerekenler. Evcil Hayvanlarda Kanser Hastal\u0131\u011f\u0131 \u0130\u00e7in Ev Yap\u0131m\u0131 Diyeti Kanser \u0130\u015fte evcil hayvan\u0131n\u0131z\u0131n sa\u011fl\u0131\u011f\u0131n\u0131 desteklemek i\u00e7in ev yap\u0131m\u0131 kansere diyeti hakk\u0131nda bilmeniz gerekenler. Evcil Hayvanlarda Karaci\u011fer Hastal\u0131\u011f\u0131 \u0130\u00e7in Ev Yap\u0131m\u0131 Diyet Karaci\u011fer sa\u011fl\u0131\u011f\u0131 \u0130\u015fte [&hellip;]<\/p>\n","protected":false},"author":1,"featured_media":0,"parent":0,"menu_order":0,"comment_status":"closed","ping_status":"closed","template":"","meta":{"footnotes":""},"class_list":["post-5446","page","type-page","status-publish","hentry"],"_links":{"self":[{"href":"https:\/\/veterineresor.com\/index.php?rest_route=\/wp\/v2\/pages\/5446","targetHints":{"allow":["GET"]}}],"collection":[{"href":"https:\/\/veterineresor.com\/index.php?rest_route=\/wp\/v2\/pages"}],"about":[{"href":"https:\/\/veterineresor.com\/index.php?rest_route=\/wp\/v2\/types\/page"}],"author":[{"embeddable":true,"href":"https:\/\/veterineresor.com\/index.php?rest_route=\/wp\/v2\/users\/1"}],"replies":[{"embeddable":true,"href":"https:\/\/veterineresor.com\/index.php?rest_route=%2Fwp%2Fv2%2Fcomments&post=5446"}],"version-history":[{"count":4,"href":"https:\/\/veterineresor.com\/index.php?rest_route=\/wp\/v2\/pages\/5446\/revisions"}],"predecessor-version":[{"id":7465,"href":"https:\/\/veterineresor.com\/index.php?rest_route=\/wp\/v2\/pages\/5446\/revisions\/7465"}],"wp:attachment":[{"href":"https:\/\/veterineresor.com\/index.php?rest_route=%2Fwp%2Fv2%2Fmedia&parent=5446"}],"curies":[{"name":"wp","href":"https:\/\/api.w.org\/{rel}","templated":true}]}}