{"id":7429,"date":"2025-03-03T18:04:05","date_gmt":"2025-03-03T15:04:05","guid":{"rendered":"https:\/\/veterineresor.com\/?post_type=product&#038;p=7429"},"modified":"2025-03-03T18:08:06","modified_gmt":"2025-03-03T15:08:06","slug":"barfeed-carrot-powder","status":"publish","type":"product","link":"https:\/\/veterineresor.com\/?product=barfeed-carrot-powder","title":{"rendered":"BARFeed Carrot Powder\u00ae"},"content":{"rendered":"<p>\u00d6\u011f\u00fct\u00fclm\u00fc\u015f havu\u00e7 (Daucus carota L), A vitamininin \u00f6nc\u00fcs\u00fc olan karotenoidler a\u00e7\u0131s\u0131ndan zengin bir kaynakt\u0131r. Bunlar do\u011fal antioksidanlard\u0131r, cildin beslenmesine yard\u0131mc\u0131 olur ve hayvanlar\u0131n k\u00fcrklerindeki k\u0131rm\u0131z\u0131 rengi g\u00fc\u00e7lendirir. Havucun diyete dahil edilmesi, iyi doymu\u015f k\u0131rm\u0131z\u0131 k\u00fcrk tonunun olduk\u00e7a arzu edildi\u011fi k\u00f6pek cinsleri i\u00e7in idealdir. Ayr\u0131ca C, E, K vitaminleri ile B grubu vitaminlerinin yan\u0131 s\u0131ra kalsiyum, potasyum, sodyum, demir, bak\u0131r, fosfor, magnezyum, \u00e7inko ve kobalt gibi minerallerin kayna\u011f\u0131d\u0131r. Folik asit, malik asit, inositol ve pektin i\u00e7erir. Pektinin yan\u0131 s\u0131ra diyet lifinin y\u00fcksek i\u00e7eri\u011fi, kanal\u0131n fonksiyonunu d\u00fczenlemede yararl\u0131 bir etkiye sahiptir, kab\u0131zl\u0131\u011f\u0131 ve ba\u011f\u0131rsakta a\u015f\u0131r\u0131 fermantasyon s\u00fcrecini \u00f6nler. Biliyor musun? E. Hedren ve ark.\u2019n\u0131n g\u00f6sterdi\u011fi gibi, \u0131s\u0131l i\u015flem ve mekanik i\u015flem, karotenoidlerin emilimini olumlu y\u00f6nde etkiler. (2002). Karotenoidlerin (\u03b2-karoten ve \u03b1-karoten) emilimindeki farkl\u0131l\u0131klar, i\u015flenmemi\u015f (ham) havu\u00e7larla kar\u015f\u0131la\u015ft\u0131r\u0131ld\u0131\u011f\u0131nda i\u015flenmi\u015f havu\u00e7larda \u00f6nemli \u00f6l\u00e7\u00fcde daha y\u00fcksekti.<\/p>\n<p><strong>Aktif madde (besinsel katk\u0131):<\/strong><br \/>\n\u00d6\u011f\u00fct\u00fclm\u00fc\u015f havu\u00e7 tozu (% 99)<\/p>\n<p><strong>Besleme \u00f6nerisi:<\/strong><br \/>\nKedi: 1\/4 \u2013 1\/2 ka\u015f\u0131k\/g\u00fcnde<br \/>\nK\u00f6pekler 10 kg kadar: 1\/2 ka\u015f\u0131k\/g\u00fcnde<br \/>\nK\u00f6pek 10-20 kg: 1 ka\u015f\u0131k\/g\u00fcnde<br \/>\nK\u00f6pek 20-30 kg: 2 ka\u015f\u0131k\/g\u00fcnde<br \/>\n(1000 mg = 1 \u00f6l\u00e7\u00fc ka\u015f\u0131\u011f\u0131)<br \/>\nveya Veteriner hekiminizin \u00f6nerdi\u011fi \u015fekilde<\/p>\n<p>Carrot Powder ihtiyaca g\u00f6re kullan\u0131labilir. L\u00fctfen yiyeceklerin i\u00e7erisine kar\u0131\u015ft\u0131r\u0131n\u0131z. Topaklanma do\u011fald\u0131r, \u00e7\u00fcnk\u00fc herhangi bir madde eklenmemi\u015ftir.<br \/>\nSadece evcil hayvanlar i\u00e7indir.<\/p>\n<p><strong>BU B\u0130R \u0130LA\u00c7 DE\u011e\u0130L, YEM KATKISIDIR (PREM\u0130KS). TEDAV\u0130 AMA\u00c7LI KULLANILMAZ.<\/strong><\/p>\n","protected":false},"excerpt":{"rendered":"<h3 class=\"content--title\">UYGUN T\u00dcRLER:<img decoding=\"async\" class=\"alignnone wp-image-7162\" src=\"https:\/\/naturelvet.com\/wp-content\/uploads\/2023\/03\/kopek-ikili-1.png\" alt=\"\" width=\"70\" height=\"32\" \/><\/h3>\n<ul>\n<li>\u00d6\u011f\u00fct\u00fclm\u00fc\u015f\u00a0 havu\u00e7 (Daucus carota L), karotenoidlerin \u00f6nc\u00fclleri a\u00e7\u0131s\u0131ndan zengin bir kaynakt\u0131r.<\/li>\n<li>A vitamini i\u00e7erir.<\/li>\n<li>Do\u011fal antioksidanlard\u0131r<\/li>\n<li>Cildi beslemeye ve g\u00fc\u00e7lendirmeye yard\u0131mc\u0131 olur.<\/li>\n<\/ul>\n","protected":false},"featured_media":7430,"template":"woocommerce\/single-product-layout2.php","meta":[],"product_brand":[76],"product_cat":[15,75],"product_tag":[77,78,79,80,81,82,83,84],"class_list":{"0":"post-7429","1":"product","2":"type-product","3":"status-publish","4":"has-post-thumbnail","6":"product_brand-vetcare","7":"product_cat-genel","8":"product_cat-barfeed","9":"product_tag-barf-diyet-urunleri","10":"product_tag-carrot","11":"product_tag-ecopur","12":"product_tag-kedi","13":"product_tag-kopek","14":"product_tag-naturelvet","15":"product_tag-ogutulmus-havuc","16":"product_tag-vetcare","18":"first","19":"instock","20":"shipping-taxable","21":"purchasable","22":"product-type-simple"},"_links":{"self":[{"href":"https:\/\/veterineresor.com\/index.php?rest_route=\/wp\/v2\/product\/7429","targetHints":{"allow":["GET"]}}],"collection":[{"href":"https:\/\/veterineresor.com\/index.php?rest_route=\/wp\/v2\/product"}],"about":[{"href":"https:\/\/veterineresor.com\/index.php?rest_route=\/wp\/v2\/types\/product"}],"wp:featuredmedia":[{"embeddable":true,"href":"https:\/\/veterineresor.com\/index.php?rest_route=\/wp\/v2\/media\/7430"}],"wp:attachment":[{"href":"https:\/\/veterineresor.com\/index.php?rest_route=%2Fwp%2Fv2%2Fmedia&parent=7429"}],"wp:term":[{"taxonomy":"product_brand","embeddable":true,"href":"https:\/\/veterineresor.com\/index.php?rest_route=%2Fwp%2Fv2%2Fproduct_brand&post=7429"},{"taxonomy":"product_cat","embeddable":true,"href":"https:\/\/veterineresor.com\/index.php?rest_route=%2Fwp%2Fv2%2Fproduct_cat&post=7429"},{"taxonomy":"product_tag","embeddable":true,"href":"https:\/\/veterineresor.com\/index.php?rest_route=%2Fwp%2Fv2%2Fproduct_tag&post=7429"}],"curies":[{"name":"wp","href":"https:\/\/api.w.org\/{rel}","templated":true}]}}