{"id":7432,"date":"2025-03-03T18:09:02","date_gmt":"2025-03-03T15:09:02","guid":{"rendered":"https:\/\/veterineresor.com\/?post_type=product&#038;p=7432"},"modified":"2025-03-03T18:18:19","modified_gmt":"2025-03-03T15:18:19","slug":"barfeed-collagen-powder","status":"publish","type":"product","link":"https:\/\/veterineresor.com\/?product=barfeed-collagen-powder","title":{"rendered":"BARFeed Collagen Powder"},"content":{"rendered":"<p>Tip II kolajen, hayvan k\u0131k\u0131rda\u011f\u0131n\u0131n bir bile\u015fenidir.\u00a0\u00c7ok esnek ve gerilebilir ve bu nedenle tendonlar\u0131n ve derinin en \u00f6nemli yap\u0131 ta\u015flar\u0131ndan biridir.\u00a0D\u00fczenli kullan\u0131m eklem fonksiyonlar\u0131n\u0131 ve cildin g\u00f6r\u00fcn\u00fcm\u00fcn\u00fc ve durumunu b\u00fcy\u00fck \u00f6l\u00e7\u00fcde iyile\u015ftirdi\u011finden, gen\u00e7 hayvanlar i\u00e7in kemik yap\u0131s\u0131n\u0131n do\u011fru geli\u015fimini desteklemek i\u00e7in bir besin takviyesi olarak ve ya\u015flanan hayvanlar i\u00e7in bir besin takviyesi olarak \u00f6nerilir.<\/p>\n<p><strong>Kullan\u0131m \u015eekli:\u00a0\u00a0<\/strong><\/p>\n<p>Hayvan\u0131n a\u011f\u0131rl\u0131\u011f\u0131na g\u00f6re \u00f6nerilen g\u00fcnl\u00fck doz: 10 kg v\u00fccut a\u011f\u0131rl\u0131\u011f\u0131na kadar 1 \u00f6l\u00e7ek \u00e7ay ka\u015f\u0131\u011f\u0131;\u00a010-20 kg canl\u0131 a\u011f\u0131rl\u0131ktaki hayvanlar 2 seviye ka\u015f\u0131k;\u00a020 kg\u2019\u0131n \u00fczerindeki hayvanlar 3 kademeli ka\u015f\u0131k.<\/p>\n<p>Preparat\u0131n tavsiye edilen g\u00fcnl\u00fck dozu\u00a0<u>ikiye b\u00f6l\u00fcn\u00fcr<\/u>\u00a0ve sabah ve ak\u015fam yemeklerle birlikte verilir.<\/p>\n<p><strong>BU B\u0130R \u0130LA\u00c7 DE\u011e\u0130L, YEM KATKISIDIR (PREM\u0130KS). TEDAV\u0130 AMA\u00c7LI KULLANILMAZ.<\/strong><\/p>\n","protected":false},"excerpt":{"rendered":"<h3 class=\"content--title\">UYGUN T\u00dcRLER:<img decoding=\"async\" class=\"alignnone wp-image-7162\" src=\"https:\/\/naturelvet.com\/wp-content\/uploads\/2023\/03\/kopek-ikili-1.png\" alt=\"\" width=\"70\" height=\"32\" \/><\/h3>\n<ul>\n<li>Sa\u011fl\u0131kl\u0131 eklemler i\u00e7in<\/li>\n<li>Ortak i\u015flev ve \u00e7eviklik<\/li>\n<li>Kolajen olu\u015fumunu uyar\u0131r<\/li>\n<li>Do\u011fal\u00a0 kolajen<\/li>\n<\/ul>\n","protected":false},"featured_media":7433,"template":"woocommerce\/single-product-layout2.php","meta":[],"product_brand":[76],"product_cat":[15,75],"product_tag":[77,79,86,87,80,81,82,85,84],"class_list":{"0":"post-7432","1":"product","2":"type-product","3":"status-publish","4":"has-post-thumbnail","6":"product_brand-vetcare","7":"product_cat-genel","8":"product_cat-barfeed","9":"product_tag-barf-diyet-urunleri","10":"product_tag-ecopur","11":"product_tag-eklem","12":"product_tag-kalca","13":"product_tag-kedi","14":"product_tag-kopek","15":"product_tag-naturelvet","16":"product_tag-tip-2-kollojen","17":"product_tag-vetcare","19":"first","20":"instock","21":"shipping-taxable","22":"purchasable","23":"product-type-simple"},"_links":{"self":[{"href":"https:\/\/veterineresor.com\/index.php?rest_route=\/wp\/v2\/product\/7432","targetHints":{"allow":["GET"]}}],"collection":[{"href":"https:\/\/veterineresor.com\/index.php?rest_route=\/wp\/v2\/product"}],"about":[{"href":"https:\/\/veterineresor.com\/index.php?rest_route=\/wp\/v2\/types\/product"}],"wp:featuredmedia":[{"embeddable":true,"href":"https:\/\/veterineresor.com\/index.php?rest_route=\/wp\/v2\/media\/7433"}],"wp:attachment":[{"href":"https:\/\/veterineresor.com\/index.php?rest_route=%2Fwp%2Fv2%2Fmedia&parent=7432"}],"wp:term":[{"taxonomy":"product_brand","embeddable":true,"href":"https:\/\/veterineresor.com\/index.php?rest_route=%2Fwp%2Fv2%2Fproduct_brand&post=7432"},{"taxonomy":"product_cat","embeddable":true,"href":"https:\/\/veterineresor.com\/index.php?rest_route=%2Fwp%2Fv2%2Fproduct_cat&post=7432"},{"taxonomy":"product_tag","embeddable":true,"href":"https:\/\/veterineresor.com\/index.php?rest_route=%2Fwp%2Fv2%2Fproduct_tag&post=7432"}],"curies":[{"name":"wp","href":"https:\/\/api.w.org\/{rel}","templated":true}]}}