{"id":7436,"date":"2025-03-03T18:24:16","date_gmt":"2025-03-03T15:24:16","guid":{"rendered":"https:\/\/veterineresor.com\/?post_type=product&#038;p=7436"},"modified":"2025-03-04T12:17:22","modified_gmt":"2025-03-04T09:17:22","slug":"barfeed-saccharomyces-plus-powder-300g","status":"publish","type":"product","link":"https:\/\/veterineresor.com\/?product=barfeed-saccharomyces-plus-powder-300g","title":{"rendered":"BARFeed Saccharomyces Plus Powder\u00ae 300g"},"content":{"rendered":"<p>Saccharomyces Plus, do\u011fal prebiyotiklerle zenginle\u015ftirilmi\u015f kurutulmu\u015f bira mayas\u0131 Saccharomyces cerevisiae i\u00e7eren do\u011fal bir m\u00fcstahzard\u0131r: mannan oligosakkaritler, v\u00fccudun ba\u011f\u0131\u015f\u0131kl\u0131\u011f\u0131n\u0131 g\u00fc\u00e7lendirmeye destek beta-glukanlar ile birlikte. Bira mayas\u0131, de\u011ferli bir amino asit bile\u015fimine sahip B vitaminleri, mineraller ve protein i\u00e7erir.\u00a0Sindirim s\u00fcre\u00e7lerini d\u00fczenlerler, cildin ve t\u00fcylerin durumunu iyile\u015ftirirler.<br \/>\nPreparat do\u011fal, de\u011ferli bir besin takviyesidir. Barf beslenmesinde destek sa\u011flar.<\/p>\n<p><strong>Besleme \u00f6nerisi:<\/strong><br \/>\nK\u00fc\u00e7\u00fck k\u00f6pekler \u2013 1 \u00f6l\u00e7\u00fc \/ g\u00fcn<br \/>\nOrta boy k\u00f6pekler \u2013 2,5 \u00f6l\u00e7\u00fc\/g\u00fcn<br \/>\nKediler-1\/2 \u00f6l\u00e7\u00fc\/g\u00fcn<\/p>\n<p><strong>BU B\u0130R \u0130LA\u00c7 DE\u011e\u0130L, YEM KATKISIDIR (PREM\u0130KS). TEDAV\u0130 AMA\u00c7LI KULLANILMAZ.<\/strong><\/p>\n","protected":false},"excerpt":{"rendered":"<h3 class=\"content--title\">UYGUN T\u00dcRLER:<img decoding=\"async\" class=\"alignnone wp-image-7162\" src=\"https:\/\/naturelvet.com\/wp-content\/uploads\/2023\/03\/kopek-ikili-1.png\" alt=\"\" width=\"70\" height=\"32\" \/><\/h3>\n<ul>\n<li>Sa\u011fl\u0131kl\u0131 eklemler i\u00e7in<\/li>\n<li>Ortak i\u015flev ve \u00e7eviklik<\/li>\n<li>Kolajen olu\u015fumunu uyar\u0131r<\/li>\n<li>Do\u011fal\u00a0 kolajen<\/li>\n<\/ul>\n","protected":false},"featured_media":7497,"template":"woocommerce\/single-product-layout2.php","meta":[],"product_brand":[76],"product_cat":[15,75],"product_tag":[77,79,86,87,80,81,82,85,84],"class_list":{"0":"post-7436","1":"product","2":"type-product","3":"status-publish","4":"has-post-thumbnail","6":"product_brand-vetcare","7":"product_cat-genel","8":"product_cat-barfeed","9":"product_tag-barf-diyet-urunleri","10":"product_tag-ecopur","11":"product_tag-eklem","12":"product_tag-kalca","13":"product_tag-kedi","14":"product_tag-kopek","15":"product_tag-naturelvet","16":"product_tag-tip-2-kollojen","17":"product_tag-vetcare","19":"first","20":"instock","21":"shipping-taxable","22":"purchasable","23":"product-type-simple"},"_links":{"self":[{"href":"https:\/\/veterineresor.com\/index.php?rest_route=\/wp\/v2\/product\/7436","targetHints":{"allow":["GET"]}}],"collection":[{"href":"https:\/\/veterineresor.com\/index.php?rest_route=\/wp\/v2\/product"}],"about":[{"href":"https:\/\/veterineresor.com\/index.php?rest_route=\/wp\/v2\/types\/product"}],"wp:featuredmedia":[{"embeddable":true,"href":"https:\/\/veterineresor.com\/index.php?rest_route=\/wp\/v2\/media\/7497"}],"wp:attachment":[{"href":"https:\/\/veterineresor.com\/index.php?rest_route=%2Fwp%2Fv2%2Fmedia&parent=7436"}],"wp:term":[{"taxonomy":"product_brand","embeddable":true,"href":"https:\/\/veterineresor.com\/index.php?rest_route=%2Fwp%2Fv2%2Fproduct_brand&post=7436"},{"taxonomy":"product_cat","embeddable":true,"href":"https:\/\/veterineresor.com\/index.php?rest_route=%2Fwp%2Fv2%2Fproduct_cat&post=7436"},{"taxonomy":"product_tag","embeddable":true,"href":"https:\/\/veterineresor.com\/index.php?rest_route=%2Fwp%2Fv2%2Fproduct_tag&post=7436"}],"curies":[{"name":"wp","href":"https:\/\/api.w.org\/{rel}","templated":true}]}}