{"id":7500,"date":"2025-03-04T12:26:23","date_gmt":"2025-03-04T09:26:23","guid":{"rendered":"https:\/\/veterineresor.com\/?post_type=product&#038;p=7500"},"modified":"2025-03-04T12:38:33","modified_gmt":"2025-03-04T09:38:33","slug":"barfeed-egg-yolk-powder120g","status":"publish","type":"product","link":"https:\/\/veterineresor.com\/?product=barfeed-egg-yolk-powder120g","title":{"rendered":"BARFeed Egg yolk Powder\u00ae120g"},"content":{"rendered":"<p>Yumurta sar\u0131s\u0131 zengin bir vitamin ve de\u011ferli mineral kayna\u011f\u0131d\u0131r.\u00a0Omega-3 ya\u011f asitleri ve lesitin antiinflamatuard\u0131r ve kan p\u0131ht\u0131lar\u0131n\u0131n olu\u015fumunu engeller.\u00a0Sar\u0131 pigment \u2013 lutein \u2013 beyin fonksiyonunu destekleyen, konsantrasyonu ve haf\u0131zay\u0131 geli\u015ftiren ve retina hasar\u0131n\u0131 \u00f6nleyen bir antioksidand\u0131r. Hayvanlarda ya\u015flanma s\u00fcrecini yava\u015flat\u0131r, do\u011fal direnci artt\u0131r\u0131r ve onlar\u0131 kanserden korur.\u00a0Yumurta sar\u0131s\u0131nda bulunan A ve E vitaminleri de benzer \u015fekilde \u00e7al\u0131\u015f\u0131r ve \u00e7evredeki ya\u011flarda \u00e7\u00f6z\u00fcnd\u00fckleri i\u00e7in \u00e7ok iyi emilirler.\u00a0Yumurta sar\u0131s\u0131 ayr\u0131ca kemikler ve cilt i\u00e7in yararl\u0131 olan D vitamini, sinir sistemi i\u00e7in hayati \u00f6nem ta\u015f\u0131yan B vitaminleri ve kalsiyum, demir, magnezyum, fosfor, potasyum, sodyum, \u00e7inko, bak\u0131r, manganez gibi mineraller a\u00e7\u0131s\u0131ndan da zengindir. , selenyum.\u00a0Mineral i\u00e7eri\u011fi nedeniyle sar\u0131s\u0131 kans\u0131zl\u0131\u011fa sahip hayvanlar i\u00e7in de tavsiye edilir.<\/p>\n<p><strong>Kompozisyon:<\/strong>\u00a0yumurta sar\u0131s\u0131 tozu<\/p>\n<p><strong>Analitik bile\u015fenler:<\/strong>\u00a0nem,\u00a0 ham protein, ham k\u00fcl,\u00a0 ham lif.<\/p>\n<p><strong>Kullan\u0131m \u015eekli:\u00a0\u00a0<\/strong>Hayvan\u0131n a\u011f\u0131rl\u0131\u011f\u0131na g\u00f6re \u00f6nerilen g\u00fcnl\u00fck doz: 10 kg v\u00fccut a\u011f\u0131rl\u0131\u011f\u0131na kadar 1 \u00f6l\u00e7ek \u00e7ay ka\u015f\u0131\u011f\u0131;\u00a010-20 kg canl\u0131 a\u011f\u0131rl\u0131ktaki hayvanlar 2 seviye ka\u015f\u0131k;\u00a020 kg\u2019\u0131n \u00fczerindeki hayvanlar 3 kademeli ka\u015f\u0131k.<\/p>\n<p><strong>BU B\u0130R \u0130LA\u00c7 DE\u011e\u0130L, YEM KATKISIDIR (PREM\u0130KS). TEDAV\u0130 AMA\u00c7LI KULLANILMAZ.<\/strong><\/p>\n","protected":false},"excerpt":{"rendered":"<h3 class=\"content--title\">UYGUN T\u00dcRLER:<img decoding=\"async\" class=\"alignnone wp-image-7162\" src=\"https:\/\/naturelvet.com\/wp-content\/uploads\/2023\/03\/kopek-ikili-1.png\" alt=\"\" width=\"70\" height=\"32\" \/><\/h3>\n<ul>\n<li>Vitamin ve de\u011ferli mineral kayna\u011f\u0131d\u0131r<\/li>\n<li>Zengin omega3 deste\u011fi<\/li>\n<li>Barf i\u00e7in uygun<\/li>\n<\/ul>\n","protected":false},"featured_media":7502,"template":"woocommerce\/single-product-layout2.php","meta":[],"product_brand":[76],"product_cat":[15,75],"product_tag":[77,79,80,81,82,84,89],"class_list":{"0":"post-7500","1":"product","2":"type-product","3":"status-publish","4":"has-post-thumbnail","6":"product_brand-vetcare","7":"product_cat-genel","8":"product_cat-barfeed","9":"product_tag-barf-diyet-urunleri","10":"product_tag-ecopur","11":"product_tag-kedi","12":"product_tag-kopek","13":"product_tag-naturelvet","14":"product_tag-vetcare","15":"product_tag-yumurta-sarisi","17":"first","18":"outofstock","19":"shipping-taxable","20":"product-type-simple"},"_links":{"self":[{"href":"https:\/\/veterineresor.com\/index.php?rest_route=\/wp\/v2\/product\/7500","targetHints":{"allow":["GET"]}}],"collection":[{"href":"https:\/\/veterineresor.com\/index.php?rest_route=\/wp\/v2\/product"}],"about":[{"href":"https:\/\/veterineresor.com\/index.php?rest_route=\/wp\/v2\/types\/product"}],"wp:featuredmedia":[{"embeddable":true,"href":"https:\/\/veterineresor.com\/index.php?rest_route=\/wp\/v2\/media\/7502"}],"wp:attachment":[{"href":"https:\/\/veterineresor.com\/index.php?rest_route=%2Fwp%2Fv2%2Fmedia&parent=7500"}],"wp:term":[{"taxonomy":"product_brand","embeddable":true,"href":"https:\/\/veterineresor.com\/index.php?rest_route=%2Fwp%2Fv2%2Fproduct_brand&post=7500"},{"taxonomy":"product_cat","embeddable":true,"href":"https:\/\/veterineresor.com\/index.php?rest_route=%2Fwp%2Fv2%2Fproduct_cat&post=7500"},{"taxonomy":"product_tag","embeddable":true,"href":"https:\/\/veterineresor.com\/index.php?rest_route=%2Fwp%2Fv2%2Fproduct_tag&post=7500"}],"curies":[{"name":"wp","href":"https:\/\/api.w.org\/{rel}","templated":true}]}}