{"id":7523,"date":"2025-03-04T16:29:22","date_gmt":"2025-03-04T13:29:22","guid":{"rendered":"https:\/\/veterineresor.com\/?post_type=product&#038;p=7523"},"modified":"2025-03-05T17:13:48","modified_gmt":"2025-03-05T14:13:48","slug":"barfeed-milk-thistle-powder300g","status":"publish","type":"product","link":"https:\/\/veterineresor.com\/?product=barfeed-milk-thistle-powder300g","title":{"rendered":"BARFeed Milk Thistle Powder\u00ae300g"},"content":{"rendered":"<p><strong>Benekli s\u00fct devedikeni (Silybum Marianum L.), silymarin<\/strong>\u00a0ad\u0131 verilen karma\u015f\u0131k flavonolignanlar\u0131n do\u011fal bir kayna\u011f\u0131d\u0131r\u00a0.\u00a0Bir antioksidan olarak silymarin, g\u00fc\u00e7l\u00fc\u00a0<strong>antihepatotoksik \u00f6zelliklere sahiptir.\u00a0<\/strong><strong>Karaci\u011fer h\u00fccrelerinin olu\u015fumunu ve yenilenmesini<\/strong>\u00a0te\u015fvik eder ve yeni olu\u015fan h\u00fccreleri korur\u00a0.\u00a0Benekli devedikeni\u00a0<strong>safra salg\u0131lanmas\u0131n\u0131 uyar\u0131r ve anti-toksik ve anti-inflamatuar etkilere sahiptir<\/strong>\u00a0.\u00a0<u>\u00d6zellikle karaci\u011feri zorlayan herhangi bir farmas\u00f6tik tedavi s\u0131ras\u0131nda ve iyile\u015fme s\u00fcrecinde tamamland\u0131ktan sonra kullan\u0131lmas\u0131 \u00f6nerilir.<\/u><\/p>\n<p><strong>Devedikeni diyabet ve safra ta\u015f\u0131 tedavisinde<\/strong>\u00a0besin takviyesi olarak da kullan\u0131labilir\u00a0.\u00a0<strong>Yetersiz mide pH\u2019\u0131, i\u015ftahs\u0131zl\u0131k, \u015fi\u015fkinlikten kaynaklanan sindirim bozukluklar\u0131na<\/strong>\u00a0yard\u0131mc\u0131 olur\u00a0.\u00a0Serbest radikaller \u00fczerindeki etkisinden dolay\u0131\u00a0<strong>cilt yenilenmesini \u00f6nemli \u00f6l\u00e7\u00fcde h\u0131zland\u0131r\u0131r ve ya\u015flanma belirtilerini engeller<\/strong>\u00a0.<\/p>\n<p><strong>\u0130\u00e7indekiler:<\/strong> Devedikeni tohumu \u00f6\u011f\u00fct\u00fclm\u00fc\u015f (Silybum marianum L.).<\/p>\n<p><strong>Analitik bile\u015fenler:<\/strong>\u00a0%0 nem, %0 ham protein, %0 ham s\u0131v\u0131 ve kat\u0131 ya\u011flar, %0 ham k\u00fcl, %0 ham lif.<\/p>\n<p><strong>Kullan\u0131m:\u00a0\u00a0<\/strong>Hayvan\u0131n a\u011f\u0131rl\u0131\u011f\u0131na g\u00f6re \u00f6nerilen g\u00fcnl\u00fck doz: Her 5 kg v\u00fccut a\u011f\u0131rl\u0131\u011f\u0131 i\u00e7in, g\u00fcnde bir kez (tedavi s\u0131ras\u0131nda g\u00fcnde iki kez) yar\u0131m \u00f6l\u00e7\u00fc ka\u015f\u0131\u011f\u0131; Her 10 kg v\u00fccut a\u011f\u0131rl\u0131\u011f\u0131 i\u00e7in g\u00fcnde bir kez (tedavi s\u0131ras\u0131nda g\u00fcnde iki kez) tam \u00f6l\u00e7\u00fc ka\u015f\u0131\u011f\u0131.<\/p>\n<p>BU B\u0130R \u0130LA\u00c7 DE\u011e\u0130L, YEM KATKISIDIR (PREM\u0130KS). TEDAV\u0130 AMA\u00c7LI KULLANILMAZ.<\/p>\n","protected":false},"excerpt":{"rendered":"<h3 class=\"content--title\">UYGUN T\u00dcRLER:<img decoding=\"async\" class=\"alignnone wp-image-7162\" src=\"https:\/\/naturelvet.com\/wp-content\/uploads\/2023\/03\/kopek-ikili-1.png\" alt=\"\" width=\"70\" height=\"32\" \/><\/h3>\n<ul class=\"is--checklist\">\n<li>Karaci\u011fere destek sa\u011flar<\/li>\n<li>Safra salg\u0131lanmas\u0131na destek olur<\/li>\n<li>H\u00fccre yenilenmesine destek sa\u011flar<\/li>\n<\/ul>\n","protected":false},"featured_media":7520,"template":"woocommerce\/single-product-layout2.php","meta":[],"product_brand":[76],"product_cat":[15,75],"product_tag":[77,79,80,81,93,82,84],"class_list":{"0":"post-7523","1":"product","2":"type-product","3":"status-publish","4":"has-post-thumbnail","6":"product_brand-vetcare","7":"product_cat-genel","8":"product_cat-barfeed","9":"product_tag-barf-diyet-urunleri","10":"product_tag-ecopur","11":"product_tag-kedi","12":"product_tag-kopek","13":"product_tag-milkthistle","14":"product_tag-naturelvet","15":"product_tag-vetcare","17":"first","18":"instock","19":"shipping-taxable","20":"purchasable","21":"product-type-simple"},"_links":{"self":[{"href":"https:\/\/veterineresor.com\/index.php?rest_route=\/wp\/v2\/product\/7523","targetHints":{"allow":["GET"]}}],"collection":[{"href":"https:\/\/veterineresor.com\/index.php?rest_route=\/wp\/v2\/product"}],"about":[{"href":"https:\/\/veterineresor.com\/index.php?rest_route=\/wp\/v2\/types\/product"}],"wp:featuredmedia":[{"embeddable":true,"href":"https:\/\/veterineresor.com\/index.php?rest_route=\/wp\/v2\/media\/7520"}],"wp:attachment":[{"href":"https:\/\/veterineresor.com\/index.php?rest_route=%2Fwp%2Fv2%2Fmedia&parent=7523"}],"wp:term":[{"taxonomy":"product_brand","embeddable":true,"href":"https:\/\/veterineresor.com\/index.php?rest_route=%2Fwp%2Fv2%2Fproduct_brand&post=7523"},{"taxonomy":"product_cat","embeddable":true,"href":"https:\/\/veterineresor.com\/index.php?rest_route=%2Fwp%2Fv2%2Fproduct_cat&post=7523"},{"taxonomy":"product_tag","embeddable":true,"href":"https:\/\/veterineresor.com\/index.php?rest_route=%2Fwp%2Fv2%2Fproduct_tag&post=7523"}],"curies":[{"name":"wp","href":"https:\/\/api.w.org\/{rel}","templated":true}]}}